{"id":22,"date":"2020-10-25T10:53:30","date_gmt":"2020-10-25T10:53:30","guid":{"rendered":"https:\/\/tkaarts.de\/?page_id=22"},"modified":"2021-07-31T21:55:15","modified_gmt":"2021-07-31T21:55:15","slug":"ueber-uns","status":"publish","type":"page","link":"https:\/\/tkaarts.de\/?page_id=22","title":{"rendered":"\u00dcber mich"},"content":{"rendered":"\t\t<div data-elementor-type=\"wp-page\" data-elementor-id=\"22\" class=\"elementor elementor-22\" data-elementor-settings=\"[]\">\n\t\t\t\t\t\t<div class=\"elementor-inner\">\n\t\t\t\t\t\t\t<div class=\"elementor-section-wrap\">\n\t\t\t\t\t\t\t<section class=\"elementor-section elementor-top-section elementor-element elementor-element-d32d6f7 elementor-hidden-phone elementor-section-boxed elementor-section-height-default elementor-section-height-default elementor-invisible\" data-id=\"d32d6f7\" data-element_type=\"section\" data-settings=\"{&quot;animation&quot;:&quot;none&quot;}\">\n\t\t\t\t\t\t<div class=\"elementor-container elementor-column-gap-default\">\n\t\t\t\t\t\t\t<div class=\"elementor-row\">\n\t\t\t\t\t<div class=\"elementor-column elementor-col-50 elementor-top-column elementor-element elementor-element-8fcf93d\" data-id=\"8fcf93d\" data-element_type=\"column\">\n\t\t\t<div class=\"elementor-column-wrap elementor-element-populated\">\n\t\t\t\t\t\t\t<div class=\"elementor-widget-wrap\">\n\t\t\t\t\t\t<div class=\"elementor-element elementor-element-80df218 animated-slow elementor-invisible elementor-widget elementor-widget-image\" data-id=\"80df218\" data-element_type=\"widget\" data-settings=\"{&quot;_animation&quot;:&quot;fadeIn&quot;}\" data-widget_type=\"image.default\">\n\t\t\t\t<div class=\"elementor-widget-container\">\n\t\t\t\t\t<div class=\"elementor-image\">\n\t\t\t\t\t\t\t\t\t\t<img loading=\"lazy\" decoding=\"async\" width=\"3446\" height=\"4831\" src=\"https:\/\/tkaarts.de\/wp-content\/uploads\/2020\/11\/DB43864E-1C51-44DA-84AC-242AEF862B70.png\" class=\"attachment-full size-full\" alt=\"\" srcset=\"https:\/\/tkaarts.de\/wp-content\/uploads\/2020\/11\/DB43864E-1C51-44DA-84AC-242AEF862B70.png 3446w, https:\/\/tkaarts.de\/wp-content\/uploads\/2020\/11\/DB43864E-1C51-44DA-84AC-242AEF862B70-214x300.png 214w, https:\/\/tkaarts.de\/wp-content\/uploads\/2020\/11\/DB43864E-1C51-44DA-84AC-242AEF862B70-730x1024.png 730w, https:\/\/tkaarts.de\/wp-content\/uploads\/2020\/11\/DB43864E-1C51-44DA-84AC-242AEF862B70-768x1077.png 768w, https:\/\/tkaarts.de\/wp-content\/uploads\/2020\/11\/DB43864E-1C51-44DA-84AC-242AEF862B70-1096x1536.png 1096w, https:\/\/tkaarts.de\/wp-content\/uploads\/2020\/11\/DB43864E-1C51-44DA-84AC-242AEF862B70-1461x2048.png 1461w\" sizes=\"(max-width: 3446px) 100vw, 3446px\" \/>\t\t\t\t\t\t\t\t\t\t\t<\/div>\n\t\t\t\t<\/div>\n\t\t\t\t<\/div>\n\t\t\t\t\t\t<\/div>\n\t\t\t\t\t<\/div>\n\t\t<\/div>\n\t\t\t\t<div class=\"elementor-column elementor-col-50 elementor-top-column elementor-element elementor-element-79c8257 animated-slow elementor-invisible\" data-id=\"79c8257\" data-element_type=\"column\" data-settings=\"{&quot;animation&quot;:&quot;fadeInRight&quot;}\">\n\t\t\t<div class=\"elementor-column-wrap elementor-element-populated\">\n\t\t\t\t\t\t\t<div class=\"elementor-widget-wrap\">\n\t\t\t\t\t\t<div class=\"elementor-element elementor-element-d4c1100 elementor-widget elementor-widget-text-editor\" data-id=\"d4c1100\" data-element_type=\"widget\" data-widget_type=\"text-editor.default\">\n\t\t\t\t<div class=\"elementor-widget-container\">\n\t\t\t\t\t<div class=\"elementor-text-editor elementor-clearfix\"><p><strong>Hi!<\/strong> Zun\u00e4chst danke dir f\u00fcr den Besuch meiner Website.<\/p><p>Ich hei\u00dfe Tugay und komme aus Hagen &#8211; der Ort inmitten der von Sch\u00f6nheit gepr\u00e4gten Landschaft zwischen Ruhrgebiet und Sauerland.<br \/>Das Designen ist meine stets begleitende Leidenschaft, mein Hobby und seit einiger Zeit auch meine Arbeit. Es ist eine T\u00e4tigkeit, die ich gerade deshalb zu sch\u00e4tzen und zu lieben wei\u00df, weil sie das Leben so lebenswert macht. Denn, ich merke, wie meine Wahrnehmungsf\u00e4higkeit sowie meine Aufmerksamkeit stark durch dieses k\u00fcnstlerische Gestalten verbessert werden &#8211; Eigenschaften, die sich positiv auf den Lebensstil auswirken.<br \/>Aufgrund meines erweiterten Verst\u00e4ndnisses f\u00fcr ansprechende Designs und meiner Flexibilit\u00e4t sind Sie bei mir an der richtigen Adresse, wenn es sich um Designs f\u00fcr (fast) alle Themen handelt.<br \/>Sie suchen ein einpr\u00e4gsames Design f\u00fcr die Hochzeitskarte oder eine herausstechende Werbeanzeige f\u00fcr die eigene Internetpr\u00e4senz? M\u00f6chten Sie ein minimalistisches Logo f\u00fcr das Unternehmen oder planen Sie, Pullis\/T-Shirts mit coolen Designs aufzupeppen? Dann k\u00f6nnen Sie mich gerne kontaktieren. <br \/>Ich helfe Ihnen als Grafikdesigner Ihr Vorhaben zu einem vollen Erfolg zu machen!<\/p><\/div>\n\t\t\t\t<\/div>\n\t\t\t\t<\/div>\n\t\t\t\t\t\t<\/div>\n\t\t\t\t\t<\/div>\n\t\t<\/div>\n\t\t\t\t\t\t\t\t<\/div>\n\t\t\t\t\t<\/div>\n\t\t<\/section>\n\t\t\t\t<section class=\"elementor-section elementor-top-section elementor-element elementor-element-4623107 elementor-hidden-desktop elementor-hidden-tablet elementor-section-boxed elementor-section-height-default elementor-section-height-default elementor-invisible\" data-id=\"4623107\" data-element_type=\"section\" data-settings=\"{&quot;animation&quot;:&quot;none&quot;}\">\n\t\t\t\t\t\t<div class=\"elementor-container elementor-column-gap-default\">\n\t\t\t\t\t\t\t<div class=\"elementor-row\">\n\t\t\t\t\t<div class=\"elementor-column elementor-col-50 elementor-top-column elementor-element elementor-element-cbd9d54\" data-id=\"cbd9d54\" data-element_type=\"column\">\n\t\t\t<div class=\"elementor-column-wrap elementor-element-populated\">\n\t\t\t\t\t\t\t<div class=\"elementor-widget-wrap\">\n\t\t\t\t\t\t<div class=\"elementor-element elementor-element-40d6699 animated-slow elementor-invisible elementor-widget elementor-widget-image\" data-id=\"40d6699\" data-element_type=\"widget\" data-settings=\"{&quot;_animation&quot;:&quot;fadeIn&quot;,&quot;_animation_mobile&quot;:&quot;none&quot;}\" data-widget_type=\"image.default\">\n\t\t\t\t<div class=\"elementor-widget-container\">\n\t\t\t\t\t<div class=\"elementor-image\">\n\t\t\t\t\t\t\t\t\t\t<img loading=\"lazy\" decoding=\"async\" width=\"3446\" height=\"4831\" src=\"https:\/\/tkaarts.de\/wp-content\/uploads\/2020\/11\/DB43864E-1C51-44DA-84AC-242AEF862B70.png\" class=\"attachment-full size-full\" alt=\"\" srcset=\"https:\/\/tkaarts.de\/wp-content\/uploads\/2020\/11\/DB43864E-1C51-44DA-84AC-242AEF862B70.png 3446w, https:\/\/tkaarts.de\/wp-content\/uploads\/2020\/11\/DB43864E-1C51-44DA-84AC-242AEF862B70-214x300.png 214w, https:\/\/tkaarts.de\/wp-content\/uploads\/2020\/11\/DB43864E-1C51-44DA-84AC-242AEF862B70-730x1024.png 730w, https:\/\/tkaarts.de\/wp-content\/uploads\/2020\/11\/DB43864E-1C51-44DA-84AC-242AEF862B70-768x1077.png 768w, https:\/\/tkaarts.de\/wp-content\/uploads\/2020\/11\/DB43864E-1C51-44DA-84AC-242AEF862B70-1096x1536.png 1096w, https:\/\/tkaarts.de\/wp-content\/uploads\/2020\/11\/DB43864E-1C51-44DA-84AC-242AEF862B70-1461x2048.png 1461w\" sizes=\"(max-width: 3446px) 100vw, 3446px\" \/>\t\t\t\t\t\t\t\t\t\t\t<\/div>\n\t\t\t\t<\/div>\n\t\t\t\t<\/div>\n\t\t\t\t\t\t<\/div>\n\t\t\t\t\t<\/div>\n\t\t<\/div>\n\t\t\t\t<div class=\"elementor-column elementor-col-50 elementor-top-column elementor-element elementor-element-a421be5 animated-slow elementor-invisible\" data-id=\"a421be5\" data-element_type=\"column\" data-settings=\"{&quot;animation&quot;:&quot;fadeInRight&quot;,&quot;animation_mobile&quot;:&quot;none&quot;}\">\n\t\t\t<div class=\"elementor-column-wrap elementor-element-populated\">\n\t\t\t\t\t\t\t<div class=\"elementor-widget-wrap\">\n\t\t\t\t\t\t<div class=\"elementor-element elementor-element-af0b5a9 elementor-widget elementor-widget-text-editor\" data-id=\"af0b5a9\" data-element_type=\"widget\" data-settings=\"{&quot;_animation_mobile&quot;:&quot;none&quot;}\" data-widget_type=\"text-editor.default\">\n\t\t\t\t<div class=\"elementor-widget-container\">\n\t\t\t\t\t<div class=\"elementor-text-editor elementor-clearfix\"><p><strong>Hi!<\/strong> Zun\u00e4chst danke dir f\u00fcr den Besuch meiner Website.<\/p><p>Ich hei\u00dfe Tugay und komme aus Hagen &#8211; der Ort inmitten der von Sch\u00f6nheit gepr\u00e4gten Landschaft zwischen Ruhrgebiet und Sauerland.<br \/>Das Designen ist meine stets begleitende Leidenschaft, mein Hobby und seit einiger Zeit auch meine Arbeit. Es ist eine T\u00e4tigkeit, die ich gerade deshalb zu sch\u00e4tzen und zu lieben wei\u00df, weil sie das Leben so lebenswert macht. Denn, ich merke, wie meine Wahrnehmungsf\u00e4higkeit sowie meine Aufmerksamkeit stark durch dieses k\u00fcnstlerische Gestalten verbessert werden &#8211; Eigenschaften, die sich positiv auf den Lebensstil auswirken.<br \/>Aufgrund meines erweiterten Verst\u00e4ndnisses f\u00fcr ansprechende Designs und meiner Flexibilit\u00e4t sind Sie bei mir an der richtigen Adresse, wenn es sich um Designs f\u00fcr (fast) alle Themen handelt.<br \/>Sie suchen ein einpr\u00e4gsames Design f\u00fcr die Hochzeitskarte oder eine herausstechende Werbeanzeige f\u00fcr die eigene Internetpr\u00e4senz? M\u00f6chten Sie ein minimalistisches Logo f\u00fcr das Unternehmen oder planen Sie, Pullis\/T-Shirts mit coolen Designs aufzupeppen? Dann k\u00f6nnen Sie mich gerne kontaktieren. <br \/>Ich helfe Ihnen als Grafikdesigner Ihr Vorhaben zu einem vollen Erfolg zu machen!<\/p><\/div>\n\t\t\t\t<\/div>\n\t\t\t\t<\/div>\n\t\t\t\t\t\t<\/div>\n\t\t\t\t\t<\/div>\n\t\t<\/div>\n\t\t\t\t\t\t\t\t<\/div>\n\t\t\t\t\t<\/div>\n\t\t<\/section>\n\t\t\t\t\t\t<\/div>\n\t\t\t\t\t\t<\/div>\n\t\t\t\t\t<\/div>\n\t\t","protected":false},"excerpt":{"rendered":"<p>Hi! Zun\u00e4chst danke dir f\u00fcr den Besuch meiner Website. Ich hei\u00dfe Tugay und komme aus Hagen &#8211; der Ort inmitten der von Sch\u00f6nheit gepr\u00e4gten Landschaft zwischen Ruhrgebiet und Sauerland.Das Designen ist meine stets begleitende Leidenschaft, mein Hobby und seit einiger Zeit auch meine Arbeit. Es ist eine T\u00e4tigkeit, die ich gerade deshalb zu sch\u00e4tzen und [&hellip;]<\/p>\n","protected":false},"author":1,"featured_media":0,"parent":0,"menu_order":0,"comment_status":"closed","ping_status":"closed","template":"","meta":{"footnotes":""},"_links":{"self":[{"href":"https:\/\/tkaarts.de\/index.php?rest_route=\/wp\/v2\/pages\/22"}],"collection":[{"href":"https:\/\/tkaarts.de\/index.php?rest_route=\/wp\/v2\/pages"}],"about":[{"href":"https:\/\/tkaarts.de\/index.php?rest_route=\/wp\/v2\/types\/page"}],"author":[{"embeddable":true,"href":"https:\/\/tkaarts.de\/index.php?rest_route=\/wp\/v2\/users\/1"}],"replies":[{"embeddable":true,"href":"https:\/\/tkaarts.de\/index.php?rest_route=%2Fwp%2Fv2%2Fcomments&post=22"}],"version-history":[{"count":16,"href":"https:\/\/tkaarts.de\/index.php?rest_route=\/wp\/v2\/pages\/22\/revisions"}],"predecessor-version":[{"id":505,"href":"https:\/\/tkaarts.de\/index.php?rest_route=\/wp\/v2\/pages\/22\/revisions\/505"}],"wp:attachment":[{"href":"https:\/\/tkaarts.de\/index.php?rest_route=%2Fwp%2Fv2%2Fmedia&parent=22"}],"curies":[{"name":"wp","href":"https:\/\/api.w.org\/{rel}","templated":true}]}}